{"id":116,"date":"2025-09-03T11:36:53","date_gmt":"2025-09-03T11:36:53","guid":{"rendered":"https:\/\/planetexperience.com.br\/?page_id=116"},"modified":"2025-09-03T11:36:55","modified_gmt":"2025-09-03T11:36:55","slug":"sobre","status":"publish","type":"page","link":"https:\/\/planetexperience.com.br\/?page_id=116","title":{"rendered":"Sobre"},"content":{"rendered":"\n<figure class=\"wp-block-image size-large\"><img loading=\"lazy\" decoding=\"async\" width=\"1024\" height=\"768\" src=\"https:\/\/planetexperience.com.br\/wp-content\/uploads\/2025\/09\/IMG_4192-1024x768.jpg\" alt=\"\" class=\"wp-image-118\" srcset=\"https:\/\/planetexperience.com.br\/wp-content\/uploads\/2025\/09\/IMG_4192-1024x768.jpg 1024w, https:\/\/planetexperience.com.br\/wp-content\/uploads\/2025\/09\/IMG_4192-300x225.jpg 300w, https:\/\/planetexperience.com.br\/wp-content\/uploads\/2025\/09\/IMG_4192-768x576.jpg 768w, https:\/\/planetexperience.com.br\/wp-content\/uploads\/2025\/09\/IMG_4192-1536x1152.jpg 1536w, https:\/\/planetexperience.com.br\/wp-content\/uploads\/2025\/09\/IMG_4192-2048x1536.jpg 2048w, https:\/\/planetexperience.com.br\/wp-content\/uploads\/2025\/09\/IMG_4192-1320x990.jpg 1320w, https:\/\/planetexperience.com.br\/wp-content\/uploads\/2025\/09\/IMG_4192-600x450.jpg 600w\" sizes=\"auto, (max-width: 1024px) 100vw, 1024px\" \/><\/figure>\n\n\n\n<p>Bem-vindo ao Planet Experience! <\/p>\n\n\n\n<p>Aqui voc\u00ea encontra conte\u00fado sobre viagens conscientes, trilhas intensas, experi\u00eancias transformadoras, espiritualidade pr\u00e1tica e reflex\u00f5es sobre o viver com prop\u00f3sito. <\/p>\n\n\n\n<p>Cada post \u00e9 um convite a caminhar mais leve, mais profundo e mais conectado com o mundo \u2013 e com voc\u00ea mesmo. <\/p>\n\n\n\n<p>\ud83c\udf0d Viagens pelo mundo | \ud83c\udfde\ufe0f Trilhas e natureza | \ud83e\uddd8 Autoconhecimento | \ud83d\udd25 Espiritualidade na pr\u00e1tica<\/p>\n\n\n\n<p><\/p>\n","protected":false},"excerpt":{"rendered":"<p>Bem-vindo ao Planet Experience! Aqui voc\u00ea encontra conte\u00fado sobre viagens conscientes, trilhas intensas, experi\u00eancias transformadoras, espiritualidade pr\u00e1tica e reflex\u00f5es sobre o viver com prop\u00f3sito. Cada post \u00e9 um convite a&hellip;<\/p>\n","protected":false},"author":1,"featured_media":0,"parent":0,"menu_order":0,"comment_status":"closed","ping_status":"closed","template":"","meta":{"footnotes":""},"class_list":["post-116","page","type-page","status-publish","hentry"],"_links":{"self":[{"href":"https:\/\/planetexperience.com.br\/index.php?rest_route=\/wp\/v2\/pages\/116","targetHints":{"allow":["GET"]}}],"collection":[{"href":"https:\/\/planetexperience.com.br\/index.php?rest_route=\/wp\/v2\/pages"}],"about":[{"href":"https:\/\/planetexperience.com.br\/index.php?rest_route=\/wp\/v2\/types\/page"}],"author":[{"embeddable":true,"href":"https:\/\/planetexperience.com.br\/index.php?rest_route=\/wp\/v2\/users\/1"}],"replies":[{"embeddable":true,"href":"https:\/\/planetexperience.com.br\/index.php?rest_route=%2Fwp%2Fv2%2Fcomments&post=116"}],"version-history":[{"count":1,"href":"https:\/\/planetexperience.com.br\/index.php?rest_route=\/wp\/v2\/pages\/116\/revisions"}],"predecessor-version":[{"id":127,"href":"https:\/\/planetexperience.com.br\/index.php?rest_route=\/wp\/v2\/pages\/116\/revisions\/127"}],"wp:attachment":[{"href":"https:\/\/planetexperience.com.br\/index.php?rest_route=%2Fwp%2Fv2%2Fmedia&parent=116"}],"curies":[{"name":"wp","href":"https:\/\/api.w.org\/{rel}","templated":true}]}}