{"id":129,"date":"2025-09-03T12:02:59","date_gmt":"2025-09-03T12:02:59","guid":{"rendered":"https:\/\/planetexperience.com.br\/?page_id=129"},"modified":"2025-09-03T14:06:20","modified_gmt":"2025-09-03T14:06:20","slug":"quem-sou","status":"publish","type":"page","link":"https:\/\/planetexperience.com.br\/?page_id=129","title":{"rendered":"Quem sou"},"content":{"rendered":"<div class=\"wp-block-image\">\n<figure class=\"alignleft size-large is-resized\"><img loading=\"lazy\" decoding=\"async\" width=\"768\" height=\"1024\" src=\"https:\/\/planetexperience.com.br\/wp-content\/uploads\/2025\/09\/IMG_4105-768x1024.jpg\" alt=\"\" class=\"wp-image-124\" style=\"width:284px;height:auto\" srcset=\"https:\/\/planetexperience.com.br\/wp-content\/uploads\/2025\/09\/IMG_4105-768x1024.jpg 768w, https:\/\/planetexperience.com.br\/wp-content\/uploads\/2025\/09\/IMG_4105-225x300.jpg 225w, https:\/\/planetexperience.com.br\/wp-content\/uploads\/2025\/09\/IMG_4105-1152x1536.jpg 1152w, https:\/\/planetexperience.com.br\/wp-content\/uploads\/2025\/09\/IMG_4105-1536x2048.jpg 1536w, https:\/\/planetexperience.com.br\/wp-content\/uploads\/2025\/09\/IMG_4105-1320x1760.jpg 1320w, https:\/\/planetexperience.com.br\/wp-content\/uploads\/2025\/09\/IMG_4105-600x800.jpg 600w, https:\/\/planetexperience.com.br\/wp-content\/uploads\/2025\/09\/IMG_4105-scaled.jpg 1920w\" sizes=\"auto, (max-width: 768px) 100vw, 768px\" \/><\/figure>\n<\/div>\n\n\n<p class=\"has-text-align-left\">Sou Diane, uma buscadora do sagrado e apaixonada por sentir o mundo atrav\u00e9s dos seus mist\u00e9rios. Minha jornada me levou a atravessar fronteiras, culturas e tradi\u00e7\u00f5es, em busca da presen\u00e7a viva do divino que se revela em diferentes rostos e paisagens do planeta.<\/p>\n\n\n\n<p class=\"has-text-align-left\">Peregrinar por lugares onde o mist\u00e9rio se revela, caminhar onde a presen\u00e7a da Grande M\u00e3e se manifesta, conhecer igrejas e santuarios da Europa, sentir a presen\u00e7a mariana pulsar onde ocorreram as apari\u00e7\u00f5es de Nossa Senhora; me conectar com as Virgens Negras que guardam segredos antigos,  explorar os monumentos megal\u00edticos e paleol\u00edticos que ecoam a voz dos ancestrais, \u00e9 minha grande paix\u00e3o. <\/p>\n\n\n\n<p class=\"has-text-align-left\"><\/p>\n\n\n<div class=\"wp-block-image\">\n<figure class=\"alignright size-large is-resized\"><img loading=\"lazy\" decoding=\"async\" width=\"768\" height=\"1024\" src=\"https:\/\/planetexperience.com.br\/wp-content\/uploads\/2025\/09\/0fa958dd-a5ab-4c1b-b420-e86ea5701831-768x1024.jpg\" alt=\"\" class=\"wp-image-156\" style=\"width:348px;height:auto\" srcset=\"https:\/\/planetexperience.com.br\/wp-content\/uploads\/2025\/09\/0fa958dd-a5ab-4c1b-b420-e86ea5701831-768x1024.jpg 768w, https:\/\/planetexperience.com.br\/wp-content\/uploads\/2025\/09\/0fa958dd-a5ab-4c1b-b420-e86ea5701831-225x300.jpg 225w, https:\/\/planetexperience.com.br\/wp-content\/uploads\/2025\/09\/0fa958dd-a5ab-4c1b-b420-e86ea5701831-1152x1536.jpg 1152w, https:\/\/planetexperience.com.br\/wp-content\/uploads\/2025\/09\/0fa958dd-a5ab-4c1b-b420-e86ea5701831-600x800.jpg 600w, https:\/\/planetexperience.com.br\/wp-content\/uploads\/2025\/09\/0fa958dd-a5ab-4c1b-b420-e86ea5701831.jpg 1200w\" sizes=\"auto, (max-width: 768px) 100vw, 768px\" \/><\/figure>\n<\/div>\n\n\n<p class=\"has-text-align-left\">Na Europa, segui rotas de peregrina\u00e7\u00e3o que moldaram minha alma: caminhei duas vezes o Caminho de Santiago \u2014 tanto no Caminho Franc\u00eas quanto no Caminho Portugu\u00eas \u2014, vivi a for\u00e7a transformadora das trilhas que cortam as montanhas da Su\u00ed\u00e7a e percorri tamb\u00e9m a etapa su\u00ed\u00e7a da Via Francigena, onde cada passo se torna ora\u00e7\u00e3o e cada paisagem, um templo a c\u00e9u aberto.<\/p>\n\n\n\n<p class=\"has-text-align-left\">Na \u00cdndia, vivi uma peregrina\u00e7\u00e3o espiritual profunda. Conheci templos milenares, caminhei pelos Himalaias em busca da sabedoria que nasce da montanha, me conectei com divindades que revelam diferentes express\u00f5es do sagrado, peregrinei em volta da montanha de Arunachala e contemplei a beleza \u00fanica do Taj Mahal, onde o amor tamb\u00e9m se faz templo. Cada experi\u00eancia na \u00cdndia foi um chamado para mergulhar ainda mais fundo no mist\u00e9rio da exist\u00eancia.<\/p>\n\n\n<div class=\"wp-block-image\">\n<figure class=\"alignleft size-large is-resized\"><img loading=\"lazy\" decoding=\"async\" width=\"1920\" height=\"2560\" src=\"https:\/\/planetexperience.com.br\/wp-content\/uploads\/2025\/09\/IMG_1792-edited-scaled.jpg\" alt=\"\" class=\"wp-image-155\" style=\"width:425px;height:auto\" srcset=\"https:\/\/planetexperience.com.br\/wp-content\/uploads\/2025\/09\/IMG_1792-edited-scaled.jpg 1920w, https:\/\/planetexperience.com.br\/wp-content\/uploads\/2025\/09\/IMG_1792-edited-225x300.jpg 225w, https:\/\/planetexperience.com.br\/wp-content\/uploads\/2025\/09\/IMG_1792-edited-768x1024.jpg 768w, https:\/\/planetexperience.com.br\/wp-content\/uploads\/2025\/09\/IMG_1792-edited-1152x1536.jpg 1152w, https:\/\/planetexperience.com.br\/wp-content\/uploads\/2025\/09\/IMG_1792-edited-1536x2048.jpg 1536w, https:\/\/planetexperience.com.br\/wp-content\/uploads\/2025\/09\/IMG_1792-edited-1320x1760.jpg 1320w, https:\/\/planetexperience.com.br\/wp-content\/uploads\/2025\/09\/IMG_1792-edited-600x800.jpg 600w\" sizes=\"auto, (max-width: 1920px) 100vw, 1920px\" \/><\/figure>\n<\/div>\n\n\n<p class=\"has-text-align-left\">Na Amaz\u00f4nia, fui acolhida pela sabedoria dos povos ind\u00edgenas, que ensinam o respeito \u00e0 terra, aos rios e ao esp\u00edrito que habita em tudo. No sul da Bahia, vivi tradi\u00e7\u00f5es que misturam ancestralidade, natureza e espiritualidade viva, onde o sagrado dan\u00e7a no corpo e no cora\u00e7\u00e3o.<\/p>\n\n\n\n<p class=\"has-text-align-left\">Minha busca \u00e9, acima de tudo, pelo fio invis\u00edvel que conecta todos esses caminhos. Cada lugar que visito, cada encontro e cada experi\u00eancia se tornam convites para despertar o sagrado dentro de mim \u2014 e tamb\u00e9m dentro de voc\u00ea.<\/p>\n\n\n\n<p class=\"has-text-align-left\">Aqui, no Planet Experience, compartilho essas viv\u00eancias n\u00e3o como simples relatos de viagem, mas como portais onde hist\u00f3rias, s\u00edmbolos e experi\u00eancias sejam chaves para que voc\u00ea se reconecte com a ess\u00eancia, com o mist\u00e9rio e com a for\u00e7a do feminino sagrado que nos envolve e nos guia.<\/p>\n","protected":false},"excerpt":{"rendered":"<p>Sou Diane, uma buscadora do sagrado e apaixonada por sentir o mundo atrav\u00e9s dos seus mist\u00e9rios. Minha jornada me levou a atravessar fronteiras, culturas e tradi\u00e7\u00f5es, em busca da presen\u00e7a&hellip;<\/p>\n","protected":false},"author":1,"featured_media":0,"parent":0,"menu_order":0,"comment_status":"closed","ping_status":"closed","template":"","meta":{"footnotes":""},"class_list":["post-129","page","type-page","status-publish","hentry"],"_links":{"self":[{"href":"https:\/\/planetexperience.com.br\/index.php?rest_route=\/wp\/v2\/pages\/129","targetHints":{"allow":["GET"]}}],"collection":[{"href":"https:\/\/planetexperience.com.br\/index.php?rest_route=\/wp\/v2\/pages"}],"about":[{"href":"https:\/\/planetexperience.com.br\/index.php?rest_route=\/wp\/v2\/types\/page"}],"author":[{"embeddable":true,"href":"https:\/\/planetexperience.com.br\/index.php?rest_route=\/wp\/v2\/users\/1"}],"replies":[{"embeddable":true,"href":"https:\/\/planetexperience.com.br\/index.php?rest_route=%2Fwp%2Fv2%2Fcomments&post=129"}],"version-history":[{"count":3,"href":"https:\/\/planetexperience.com.br\/index.php?rest_route=\/wp\/v2\/pages\/129\/revisions"}],"predecessor-version":[{"id":168,"href":"https:\/\/planetexperience.com.br\/index.php?rest_route=\/wp\/v2\/pages\/129\/revisions\/168"}],"wp:attachment":[{"href":"https:\/\/planetexperience.com.br\/index.php?rest_route=%2Fwp%2Fv2%2Fmedia&parent=129"}],"curies":[{"name":"wp","href":"https:\/\/api.w.org\/{rel}","templated":true}]}}