{"id":130,"date":"2025-09-03T12:02:59","date_gmt":"2025-09-03T12:02:59","guid":{"rendered":"https:\/\/planetexperience.com.br\/?page_id=130"},"modified":"2025-09-08T13:48:48","modified_gmt":"2025-09-08T13:48:48","slug":"contato","status":"publish","type":"page","link":"https:\/\/planetexperience.com.br\/?page_id=130","title":{"rendered":"Contato"},"content":{"rendered":"<div class=\"wp-block-image\">\n<figure class=\"alignleft size-large is-resized\"><img loading=\"lazy\" decoding=\"async\" width=\"768\" height=\"1024\" src=\"https:\/\/planetexperience.com.br\/wp-content\/uploads\/2025\/09\/IMG_2818-768x1024.jpg\" alt=\"\" class=\"wp-image-161\" style=\"width:317px;height:auto\" srcset=\"https:\/\/planetexperience.com.br\/wp-content\/uploads\/2025\/09\/IMG_2818-768x1024.jpg 768w, https:\/\/planetexperience.com.br\/wp-content\/uploads\/2025\/09\/IMG_2818-225x300.jpg 225w, https:\/\/planetexperience.com.br\/wp-content\/uploads\/2025\/09\/IMG_2818-1152x1536.jpg 1152w, https:\/\/planetexperience.com.br\/wp-content\/uploads\/2025\/09\/IMG_2818-1536x2048.jpg 1536w, https:\/\/planetexperience.com.br\/wp-content\/uploads\/2025\/09\/IMG_2818-1320x1760.jpg 1320w, https:\/\/planetexperience.com.br\/wp-content\/uploads\/2025\/09\/IMG_2818-600x800.jpg 600w, https:\/\/planetexperience.com.br\/wp-content\/uploads\/2025\/09\/IMG_2818-scaled.jpg 1920w\" sizes=\"auto, (max-width: 768px) 100vw, 768px\" \/><\/figure>\n<\/div>\n\n\n<p>Se voc\u00ea deseja se conectar comigo, compartilhar experi\u00eancias ou propor parcerias, ser\u00e1 uma alegria receber sua mensagem. \ud83c\udf3f\u2728<\/p>\n\n\n\n<p>\ud83d\udce9 <strong>E-mail<\/strong>: contato@planetexperience.com.br  <\/p>\n\n\n\n<p>\ud83c\udf10 <strong>Redes sociais<\/strong>:<\/p>\n\n\n\n<ul class=\"wp-block-list\">\n<li>Instagram pessoal: <a href=\"https:\/\/instagram.com\/diane_botelho?utm_source=chatgpt.com\">instagram.com\/diane_botelho<\/a><\/li>\n\n\n\n<li>Instagram do projeto: <a href=\"https:\/\/instagram.com\/canalplanetexperience\">instagram.com\/canalplanetexperience<\/a><\/li>\n\n\n\n<li>YouTube: <a href=\"https:\/\/www.youtube.com\/@planetexperience?utm_source=chatgpt.com\">youtube.com\/@planetexperience<\/a><\/li>\n<\/ul>\n\n\n\n<p>Sinta-se \u00e0 vontade para escrever, acompanhar meus conte\u00fados e caminhar junto comigo nessa jornada de descoberta do sagrado no mundo. \ud83d\udcab<\/p>\n\n\n\n<p><\/p>\n","protected":false},"excerpt":{"rendered":"<p>Se voc\u00ea deseja se conectar comigo, compartilhar experi\u00eancias ou propor parcerias, ser\u00e1 uma alegria receber sua mensagem. \ud83c\udf3f\u2728 \ud83d\udce9 E-mail: contato@planetexperience.com.br \ud83c\udf10 Redes sociais: Sinta-se \u00e0 vontade para escrever, acompanhar&hellip;<\/p>\n","protected":false},"author":1,"featured_media":0,"parent":0,"menu_order":0,"comment_status":"closed","ping_status":"closed","template":"","meta":{"footnotes":""},"class_list":["post-130","page","type-page","status-publish","hentry"],"_links":{"self":[{"href":"https:\/\/planetexperience.com.br\/index.php?rest_route=\/wp\/v2\/pages\/130","targetHints":{"allow":["GET"]}}],"collection":[{"href":"https:\/\/planetexperience.com.br\/index.php?rest_route=\/wp\/v2\/pages"}],"about":[{"href":"https:\/\/planetexperience.com.br\/index.php?rest_route=\/wp\/v2\/types\/page"}],"author":[{"embeddable":true,"href":"https:\/\/planetexperience.com.br\/index.php?rest_route=\/wp\/v2\/users\/1"}],"replies":[{"embeddable":true,"href":"https:\/\/planetexperience.com.br\/index.php?rest_route=%2Fwp%2Fv2%2Fcomments&post=130"}],"version-history":[{"count":5,"href":"https:\/\/planetexperience.com.br\/index.php?rest_route=\/wp\/v2\/pages\/130\/revisions"}],"predecessor-version":[{"id":216,"href":"https:\/\/planetexperience.com.br\/index.php?rest_route=\/wp\/v2\/pages\/130\/revisions\/216"}],"wp:attachment":[{"href":"https:\/\/planetexperience.com.br\/index.php?rest_route=%2Fwp%2Fv2%2Fmedia&parent=130"}],"curies":[{"name":"wp","href":"https:\/\/api.w.org\/{rel}","templated":true}]}}